{"id":18,"date":"2022-06-27T07:51:06","date_gmt":"2022-06-27T07:51:06","guid":{"rendered":"http:\/\/transparentjus.wpenginepowered.com\/?page_id=18"},"modified":"2022-11-14T10:50:06","modified_gmt":"2022-11-14T15:50:06","slug":"sobre-nosotros","status":"publish","type":"page","link":"https:\/\/transparentjusticelaw.com\/es\/about-us\/","title":{"rendered":"Sobre nosotras"},"content":{"rendered":"<div data-elementor-type=\"wp-page\" data-elementor-id=\"18\" class=\"elementor elementor-18\">\n\t\t\t\t\t\t<section class=\"elementor-section elementor-top-section elementor-element elementor-element-fe36484 elementor-section-boxed elementor-section-height-default elementor-section-height-default\" data-id=\"fe36484\" data-element_type=\"section\" data-e-type=\"section\">\n\t\t\t\t\t\t<div class=\"elementor-container elementor-column-gap-default\">\n\t\t\t\t\t<div class=\"elementor-column elementor-col-100 elementor-top-column elementor-element elementor-element-3666206\" data-id=\"3666206\" data-element_type=\"column\" data-e-type=\"column\">\n\t\t\t<div class=\"elementor-widget-wrap elementor-element-populated\">\n\t\t\t\t\t\t<div class=\"elementor-element elementor-element-cbf38cd elementor-widget elementor-widget-heading\" data-id=\"cbf38cd\" data-element_type=\"widget\" data-e-type=\"widget\" data-widget_type=\"heading.default\">\n\t\t\t\t<div class=\"elementor-widget-container\">\n\t\t\t\t\t<h2 class=\"elementor-heading-title elementor-size-default\">Sobre nosotras<\/h2>\t\t\t\t<\/div>\n\t\t\t\t<\/div>\n\t\t\t\t<div class=\"elementor-element elementor-element-ad9772b elementor-widget elementor-widget-heading\" data-id=\"ad9772b\" data-element_type=\"widget\" data-e-type=\"widget\" data-widget_type=\"heading.default\">\n\t\t\t\t<div class=\"elementor-widget-container\">\n\t\t\t\t\t<h4 class=\"elementor-heading-title elementor-size-default\">TOTAL TRANSPARENCIA, SIEMPRE<\/h4>\t\t\t\t<\/div>\n\t\t\t\t<\/div>\n\t\t\t\t<section class=\"elementor-section elementor-inner-section elementor-element elementor-element-4d2691c elementor-section-boxed elementor-section-height-default elementor-section-height-default\" data-id=\"4d2691c\" data-element_type=\"section\" data-e-type=\"section\">\n\t\t\t\t\t\t<div class=\"elementor-container elementor-column-gap-default\">\n\t\t\t\t\t<div class=\"elementor-column elementor-col-50 elementor-inner-column elementor-element elementor-element-86b84b7\" data-id=\"86b84b7\" data-element_type=\"column\" data-e-type=\"column\">\n\t\t\t<div class=\"elementor-widget-wrap elementor-element-populated\">\n\t\t\t\t\t\t<div class=\"elementor-element elementor-element-43f8a2f elementor-widget elementor-widget-image\" data-id=\"43f8a2f\" data-element_type=\"widget\" data-e-type=\"widget\" data-widget_type=\"image.default\">\n\t\t\t\t<div class=\"elementor-widget-container\">\n\t\t\t\t\t\t\t\t\t\t\t\t\t\t\t<img fetchpriority=\"high\" decoding=\"async\" width=\"565\" height=\"640\" src=\"https:\/\/transparentjusticelaw.com\/wp-content\/uploads\/2022\/07\/Attorney-Immigration-Bilingual-1-1.jpg\" class=\"attachment-medium_large size-medium_large wp-image-1498\" alt=\"\" srcset=\"https:\/\/transparentjusticelaw.com\/wp-content\/uploads\/2022\/07\/Attorney-Immigration-Bilingual-1-1.jpg 565w, https:\/\/transparentjusticelaw.com\/wp-content\/uploads\/2022\/07\/Attorney-Immigration-Bilingual-1-1-265x300.jpg 265w, https:\/\/transparentjusticelaw.com\/wp-content\/uploads\/2022\/07\/Attorney-Immigration-Bilingual-1-1-11x12.jpg 11w\" sizes=\"(max-width: 565px) 100vw, 565px\" \/>\t\t\t\t\t\t\t\t\t\t\t\t\t\t\t<\/div>\n\t\t\t\t<\/div>\n\t\t\t\t\t<\/div>\n\t\t<\/div>\n\t\t\t\t<div class=\"elementor-column elementor-col-50 elementor-inner-column elementor-element elementor-element-2e39462\" data-id=\"2e39462\" data-element_type=\"column\" data-e-type=\"column\">\n\t\t\t<div class=\"elementor-widget-wrap elementor-element-populated\">\n\t\t\t\t\t\t<div class=\"elementor-element elementor-element-98ec09d elementor-widget elementor-widget-text-editor\" data-id=\"98ec09d\" data-element_type=\"widget\" data-e-type=\"widget\" data-widget_type=\"text-editor.default\">\n\t\t\t\t<div class=\"elementor-widget-container\">\n\t\t\t\t\t\t\t\t\t<p>El bufete de abogados Transparent Justice ha sido cuidadosamente creado para atender todas sus necesidades de inmigraci\u00f3n, al tiempo que brinda la transparencia que merece en la palma de sus manos. De esta manera, siempre puede tomar decisiones informadas y estar seguro de que est\u00e1 actuando en su mejor inter\u00e9s. Queremos que evite informaci\u00f3n costosa y enga\u00f1osa.<\/p><p>Tina Genovese-Munoz, Esq, se gradu\u00f3 de Hofstra Law y ha ejercido la abogac\u00eda en el estado de Nueva York desde 2015. Durante m\u00e1s de tres a\u00f1os, Tina trabaj\u00f3 como oficial de asilo para el Departamento de Seguridad Nacional de los Estados Unidos, adjudicando la solicitudes de solicitantes de asilo tanto en Nueva York como en la frontera suroeste de Texas.<\/p><p>Al ser testigo de los desaf\u00edos que enfrentan las personas que desean emigrar a los Estados Unidos y la informaci\u00f3n err\u00f3nea que encuentran regularmente, Tina fund\u00f3 el bufete de abogados Transparent Justice para ayudar a las personas y familias que intentan construir un futuro en los Estados Unidos.<\/p><p>Ofrecemos acceso conveniente en l\u00ednea al software de administraci\u00f3n de casos para que tenga acceso las 24 horas del d\u00eda, los 7 d\u00edas de la semana, al archivo de su caso con la firma, que incluir\u00e1 todos los documentos presentados al gobierno en su nombre para mantenerlo actualizado sobre el progreso de su caso. Tambi\u00e9n tendr\u00e1 la capacidad de enviar documentos de manera f\u00e1cil y segura sin necesidad de viajar a nuestra oficina.<\/p>\t\t\t\t\t\t\t\t<\/div>\n\t\t\t\t<\/div>\n\t\t\t\t\t<\/div>\n\t\t<\/div>\n\t\t\t\t\t<\/div>\n\t\t<\/section>\n\t\t\t\t\t<\/div>\n\t\t<\/div>\n\t\t\t\t\t<\/div>\n\t\t<\/section>\n\t\t\t\t<\/div>","protected":false},"excerpt":{"rendered":"<p>About Us COMPLETE TRANSPARENCY, ALWAYS Transparent Justice Law Firm has been thoughtfully created to service all of your immigration needs, while providing the transparency you deserve in the palm of your hands. This way, you can always make informed decisions and be sure that you are acting in your own best interest. We want you [&hellip;]<\/p>\n","protected":false},"author":3,"featured_media":0,"parent":0,"menu_order":0,"comment_status":"closed","ping_status":"closed","template":"elementor_header_footer","meta":{"_joinchat":[],"footnotes":""},"class_list":["post-18","page","type-page","status-publish","hentry"],"yoast_head":"<!-- This site is optimized with the Yoast SEO plugin v27.4 - https:\/\/yoast.com\/product\/yoast-seo-wordpress\/ -->\n<title>About Us - Transparent Justice Law Firm<\/title>\n<meta name=\"robots\" content=\"index, follow, max-snippet:-1, max-image-preview:large, max-video-preview:-1\" \/>\n<link rel=\"canonical\" href=\"https:\/\/transparentjusticelaw.com\/es\/sobre-nosotros\/\" \/>\n<meta property=\"og:locale\" content=\"es_ES\" \/>\n<meta property=\"og:type\" content=\"article\" \/>\n<meta property=\"og:title\" content=\"About Us - Transparent Justice Law Firm\" \/>\n<meta property=\"og:description\" content=\"About Us COMPLETE TRANSPARENCY, ALWAYS Transparent Justice Law Firm has been thoughtfully created to service all of your immigration needs, while providing the transparency you deserve in the palm of your hands. This way, you can always make informed decisions and be sure that you are acting in your own best interest. We want you [&hellip;]\" \/>\n<meta property=\"og:url\" content=\"https:\/\/transparentjusticelaw.com\/es\/sobre-nosotros\/\" \/>\n<meta property=\"og:site_name\" content=\"Transparent Justice Law Firm\" \/>\n<meta property=\"article:modified_time\" content=\"2022-11-14T15:50:06+00:00\" \/>\n<meta property=\"og:image\" content=\"https:\/\/transparentjusticelaw.com\/wp-content\/uploads\/2022\/07\/Attorney-Immigration-Bilingual-1-1.jpg\" \/>\n<meta name=\"twitter:card\" content=\"summary_large_image\" \/>\n<meta name=\"twitter:label1\" content=\"Tiempo de lectura\" \/>\n\t<meta name=\"twitter:data1\" content=\"1 minuto\" \/>\n<script type=\"application\/ld+json\" class=\"yoast-schema-graph\">{\"@context\":\"https:\\\/\\\/schema.org\",\"@graph\":[{\"@type\":\"WebPage\",\"@id\":\"https:\\\/\\\/transparentjusticelaw.com\\\/about-us\\\/\",\"url\":\"https:\\\/\\\/transparentjusticelaw.com\\\/about-us\\\/\",\"name\":\"About Us - Transparent Justice Law Firm\",\"isPartOf\":{\"@id\":\"https:\\\/\\\/transparentjusticelaw.com\\\/#website\"},\"primaryImageOfPage\":{\"@id\":\"https:\\\/\\\/transparentjusticelaw.com\\\/about-us\\\/#primaryimage\"},\"image\":{\"@id\":\"https:\\\/\\\/transparentjusticelaw.com\\\/about-us\\\/#primaryimage\"},\"thumbnailUrl\":\"https:\\\/\\\/transparentjusticelaw.com\\\/wp-content\\\/uploads\\\/2022\\\/07\\\/Attorney-Immigration-Bilingual-1-1.jpg\",\"datePublished\":\"2022-06-27T07:51:06+00:00\",\"dateModified\":\"2022-11-14T15:50:06+00:00\",\"breadcrumb\":{\"@id\":\"https:\\\/\\\/transparentjusticelaw.com\\\/about-us\\\/#breadcrumb\"},\"inLanguage\":\"es\",\"potentialAction\":[{\"@type\":\"ReadAction\",\"target\":[\"https:\\\/\\\/transparentjusticelaw.com\\\/about-us\\\/\"]}]},{\"@type\":\"ImageObject\",\"inLanguage\":\"es\",\"@id\":\"https:\\\/\\\/transparentjusticelaw.com\\\/about-us\\\/#primaryimage\",\"url\":\"https:\\\/\\\/transparentjusticelaw.com\\\/wp-content\\\/uploads\\\/2022\\\/07\\\/Attorney-Immigration-Bilingual-1-1.jpg\",\"contentUrl\":\"https:\\\/\\\/transparentjusticelaw.com\\\/wp-content\\\/uploads\\\/2022\\\/07\\\/Attorney-Immigration-Bilingual-1-1.jpg\"},{\"@type\":\"BreadcrumbList\",\"@id\":\"https:\\\/\\\/transparentjusticelaw.com\\\/about-us\\\/#breadcrumb\",\"itemListElement\":[{\"@type\":\"ListItem\",\"position\":1,\"name\":\"Home\",\"item\":\"https:\\\/\\\/transparentjusticelaw.com\\\/\"},{\"@type\":\"ListItem\",\"position\":2,\"name\":\"About Us\"}]},{\"@type\":\"WebSite\",\"@id\":\"https:\\\/\\\/transparentjusticelaw.com\\\/#website\",\"url\":\"https:\\\/\\\/transparentjusticelaw.com\\\/\",\"name\":\"Transparent Justice Law Firm\",\"description\":\"Lawyer Services in New York\",\"potentialAction\":[{\"@type\":\"SearchAction\",\"target\":{\"@type\":\"EntryPoint\",\"urlTemplate\":\"https:\\\/\\\/transparentjusticelaw.com\\\/?s={search_term_string}\"},\"query-input\":{\"@type\":\"PropertyValueSpecification\",\"valueRequired\":true,\"valueName\":\"search_term_string\"}}],\"inLanguage\":\"es\"}]}<\/script>\n<!-- \/ Yoast SEO plugin. -->","yoast_head_json":{"title":"Sobre Nosotros - Bufete de Abogados de Justicia Transparente","robots":{"index":"index","follow":"follow","max-snippet":"max-snippet:-1","max-image-preview":"max-image-preview:large","max-video-preview":"max-video-preview:-1"},"canonical":"https:\/\/transparentjusticelaw.com\/es\/sobre-nosotros\/","og_locale":"es_ES","og_type":"article","og_title":"About Us - Transparent Justice Law Firm","og_description":"About Us COMPLETE TRANSPARENCY, ALWAYS Transparent Justice Law Firm has been thoughtfully created to service all of your immigration needs, while providing the transparency you deserve in the palm of your hands. This way, you can always make informed decisions and be sure that you are acting in your own best interest. We want you [&hellip;]","og_url":"https:\/\/transparentjusticelaw.com\/es\/sobre-nosotros\/","og_site_name":"Transparent Justice Law Firm","article_modified_time":"2022-11-14T15:50:06+00:00","og_image":[{"url":"https:\/\/transparentjusticelaw.com\/wp-content\/uploads\/2022\/07\/Attorney-Immigration-Bilingual-1-1.jpg","type":"","width":"","height":""}],"twitter_card":"summary_large_image","twitter_misc":{"Tiempo de lectura":"1 minuto"},"schema":{"@context":"https:\/\/schema.org","@graph":[{"@type":"WebPage","@id":"https:\/\/transparentjusticelaw.com\/about-us\/","url":"https:\/\/transparentjusticelaw.com\/about-us\/","name":"Sobre Nosotros - Bufete de Abogados de Justicia Transparente","isPartOf":{"@id":"https:\/\/transparentjusticelaw.com\/#website"},"primaryImageOfPage":{"@id":"https:\/\/transparentjusticelaw.com\/about-us\/#primaryimage"},"image":{"@id":"https:\/\/transparentjusticelaw.com\/about-us\/#primaryimage"},"thumbnailUrl":"https:\/\/transparentjusticelaw.com\/wp-content\/uploads\/2022\/07\/Attorney-Immigration-Bilingual-1-1.jpg","datePublished":"2022-06-27T07:51:06+00:00","dateModified":"2022-11-14T15:50:06+00:00","breadcrumb":{"@id":"https:\/\/transparentjusticelaw.com\/about-us\/#breadcrumb"},"inLanguage":"es","potentialAction":[{"@type":"ReadAction","target":["https:\/\/transparentjusticelaw.com\/about-us\/"]}]},{"@type":"ImageObject","inLanguage":"es","@id":"https:\/\/transparentjusticelaw.com\/about-us\/#primaryimage","url":"https:\/\/transparentjusticelaw.com\/wp-content\/uploads\/2022\/07\/Attorney-Immigration-Bilingual-1-1.jpg","contentUrl":"https:\/\/transparentjusticelaw.com\/wp-content\/uploads\/2022\/07\/Attorney-Immigration-Bilingual-1-1.jpg"},{"@type":"BreadcrumbList","@id":"https:\/\/transparentjusticelaw.com\/about-us\/#breadcrumb","itemListElement":[{"@type":"ListItem","position":1,"name":"Home","item":"https:\/\/transparentjusticelaw.com\/"},{"@type":"ListItem","position":2,"name":"About Us"}]},{"@type":"WebSite","@id":"https:\/\/transparentjusticelaw.com\/#website","url":"https:\/\/transparentjusticelaw.com\/","name":"Bufete de abogados de justicia transparente","description":"Servicios de abogados en Nueva York","potentialAction":[{"@type":"SearchAction","target":{"@type":"EntryPoint","urlTemplate":"https:\/\/transparentjusticelaw.com\/?s={search_term_string}"},"query-input":{"@type":"PropertyValueSpecification","valueRequired":true,"valueName":"search_term_string"}}],"inLanguage":"es"}]}},"_links":{"self":[{"href":"https:\/\/transparentjusticelaw.com\/es\/wp-json\/wp\/v2\/pages\/18","targetHints":{"allow":["GET"]}}],"collection":[{"href":"https:\/\/transparentjusticelaw.com\/es\/wp-json\/wp\/v2\/pages"}],"about":[{"href":"https:\/\/transparentjusticelaw.com\/es\/wp-json\/wp\/v2\/types\/page"}],"author":[{"embeddable":true,"href":"https:\/\/transparentjusticelaw.com\/es\/wp-json\/wp\/v2\/users\/3"}],"replies":[{"embeddable":true,"href":"https:\/\/transparentjusticelaw.com\/es\/wp-json\/wp\/v2\/comments?post=18"}],"version-history":[{"count":0,"href":"https:\/\/transparentjusticelaw.com\/es\/wp-json\/wp\/v2\/pages\/18\/revisions"}],"wp:attachment":[{"href":"https:\/\/transparentjusticelaw.com\/es\/wp-json\/wp\/v2\/media?parent=18"}],"curies":[{"name":"gracias","href":"https:\/\/api.w.org\/{rel}","templated":true}]}}