{"id":1318,"date":"2022-07-20T19:04:49","date_gmt":"2022-07-20T19:04:49","guid":{"rendered":"http:\/\/transparentjus.wpenginepowered.com\/?page_id=1318"},"modified":"2023-05-26T11:29:36","modified_gmt":"2023-05-26T16:29:36","slug":"prendre-rendez-vous","status":"publish","type":"page","link":"https:\/\/transparentjusticelaw.com\/fr\/schedule-an-appointment\/","title":{"rendered":"Planifier un rendez-vous"},"content":{"rendered":"<div data-elementor-type=\"wp-page\" data-elementor-id=\"1318\" class=\"elementor elementor-1318\">\n\t\t\t\t\t\t<section class=\"elementor-section elementor-top-section elementor-element elementor-element-528ff58 elementor-section-boxed elementor-section-height-default elementor-section-height-default\" data-id=\"528ff58\" data-element_type=\"section\" data-e-type=\"section\">\n\t\t\t\t\t\t<div class=\"elementor-container elementor-column-gap-default\">\n\t\t\t\t\t<div class=\"elementor-column elementor-col-100 elementor-top-column elementor-element elementor-element-4e13df7\" data-id=\"4e13df7\" data-element_type=\"column\" data-e-type=\"column\">\n\t\t\t<div class=\"elementor-widget-wrap elementor-element-populated\">\n\t\t\t\t\t\t<div class=\"elementor-element elementor-element-787412b elementor-widget elementor-widget-heading\" data-id=\"787412b\" data-element_type=\"widget\" data-e-type=\"widget\" data-widget_type=\"heading.default\">\n\t\t\t\t<div class=\"elementor-widget-container\">\n\t\t\t\t\t<h1 class=\"elementor-heading-title elementor-size-default\">Planifier un rendez-vous<\/h1>\t\t\t\t<\/div>\n\t\t\t\t<\/div>\n\t\t\t\t<div class=\"elementor-element elementor-element-7c0f792 elementor-widget elementor-widget-heading\" data-id=\"7c0f792\" data-element_type=\"widget\" data-e-type=\"widget\" data-widget_type=\"heading.default\">\n\t\t\t\t<div class=\"elementor-widget-container\">\n\t\t\t\t\t<h3 class=\"elementor-heading-title elementor-size-default\">PARLE-NOUS<\/h3>\t\t\t\t<\/div>\n\t\t\t\t<\/div>\n\t\t\t\t<div class=\"elementor-element elementor-element-34e5138 elementor-widget elementor-widget-text-editor\" data-id=\"34e5138\" data-element_type=\"widget\" data-e-type=\"widget\" data-widget_type=\"text-editor.default\">\n\t\t\t\t<div class=\"elementor-widget-container\">\n\t\t\t\t\t\t\t\t\t<p>Utilisez notre logiciel de planification en ligne pratique pour prendre rendez-vous avec le cabinet d&#039;avocats Transparent Justice d\u00e8s aujourd&#039;hui. Nous sommes l\u00e0 pour vous.<\/p><p>Les rendez-vous peuvent \u00eatre en personne \u00e0 notre emplacement du Rockville Center ou virtuellement pour r\u00e9pondre \u00e0 vos besoins.<\/p>\t\t\t\t\t\t\t\t<\/div>\n\t\t\t\t<\/div>\n\t\t\t\t<div class=\"elementor-element elementor-element-98433cd elementor-align-center elementor-widget elementor-widget-button\" data-id=\"98433cd\" data-element_type=\"widget\" data-e-type=\"widget\" data-widget_type=\"button.default\">\n\t\t\t\t<div class=\"elementor-widget-container\">\n\t\t\t\t\t\t\t\t\t<div class=\"elementor-button-wrapper\">\n\t\t\t\t\t<a class=\"elementor-button elementor-button-link elementor-size-lg\" href=\"https:\/\/booking.setmore.com\/scheduleappointment\/7b04f4d7-818a-4b4e-96f2-8d3b6b508713\/?lang=fr\" target=\"_blank\" rel=\"nofollow\">\n\t\t\t\t\t\t<span class=\"elementor-button-content-wrapper\">\n\t\t\t\t\t\t\t\t\t<span class=\"elementor-button-text\">Planifier un rendez-vous<\/span>\n\t\t\t\t\t<\/span>\n\t\t\t\t\t<\/a>\n\t\t\t\t<\/div>\n\t\t\t\t\t\t\t\t<\/div>\n\t\t\t\t<\/div>\n\t\t\t\t<div class=\"elementor-element elementor-element-fa42054 elementor-widget__width-inherit elementor-widget elementor-widget-image\" data-id=\"fa42054\" data-element_type=\"widget\" data-e-type=\"widget\" data-widget_type=\"image.default\">\n\t\t\t\t<div class=\"elementor-widget-container\">\n\t\t\t\t\t\t\t\t\t\t\t\t\t\t\t<img fetchpriority=\"high\" decoding=\"async\" width=\"600\" height=\"400\" src=\"https:\/\/transparentjusticelaw.com\/wp-content\/uploads\/2022\/07\/Immigration-Attorney-768x512.jpg\" class=\"attachment-medium_large size-medium_large wp-image-1427\" alt=\"Immigration-Avocat\" srcset=\"https:\/\/transparentjusticelaw.com\/wp-content\/uploads\/2022\/07\/Immigration-Attorney-768x512.jpg 768w, https:\/\/transparentjusticelaw.com\/wp-content\/uploads\/2022\/07\/Immigration-Attorney-300x200.jpg 300w, https:\/\/transparentjusticelaw.com\/wp-content\/uploads\/2022\/07\/Immigration-Attorney-1024x682.jpg 1024w, https:\/\/transparentjusticelaw.com\/wp-content\/uploads\/2022\/07\/Immigration-Attorney-18x12.jpg 18w, https:\/\/transparentjusticelaw.com\/wp-content\/uploads\/2022\/07\/Immigration-Attorney.jpg 1412w\" sizes=\"(max-width: 600px) 100vw, 600px\" \/>\t\t\t\t\t\t\t\t\t\t\t\t\t\t\t<\/div>\n\t\t\t\t<\/div>\n\t\t\t\t\t<\/div>\n\t\t<\/div>\n\t\t\t\t\t<\/div>\n\t\t<\/section>\n\t\t\t\t<\/div>","protected":false},"excerpt":{"rendered":"<p>Prenez rendez-vous PARLEZ-NOUS Utilisez notre logiciel de planification en ligne pratique pour prendre rendez-vous avec le cabinet d&#039;avocats Transparent Justice d\u00e8s aujourd&#039;hui. Nous sommes l\u00e0 pour vous. Les rendez-vous peuvent \u00eatre en personne \u00e0 notre bureau de Rockville Centre ou virtuellement pour r\u00e9pondre \u00e0 vos besoins. Prenez rendez-vous<\/p>","protected":false},"author":3,"featured_media":0,"parent":0,"menu_order":0,"comment_status":"closed","ping_status":"closed","template":"elementor_header_footer","meta":{"_joinchat":[],"footnotes":""},"class_list":["post-1318","page","type-page","status-publish","hentry"],"yoast_head":"<!-- This site is optimized with the Yoast SEO plugin v27.4 - https:\/\/yoast.com\/product\/yoast-seo-wordpress\/ -->\n<title>Schedule an Appointment - Transparent Justice Law Firm<\/title>\n<meta name=\"description\" content=\"Talk to an immigration lawyer now. Appointments can be in-person at our Rockville Centre location or virtually to serve your needs.\" \/>\n<meta name=\"robots\" content=\"index, follow, max-snippet:-1, max-image-preview:large, max-video-preview:-1\" \/>\n<link rel=\"canonical\" href=\"https:\/\/transparentjusticelaw.com\/fr\/prendre-rendez-vous\/\" \/>\n<meta property=\"og:locale\" content=\"fr_FR\" \/>\n<meta property=\"og:type\" content=\"article\" \/>\n<meta property=\"og:title\" content=\"Schedule an Appointment - Transparent Justice Law Firm\" \/>\n<meta property=\"og:description\" content=\"Talk to an immigration lawyer now. Appointments can be in-person at our Rockville Centre location or virtually to serve your needs.\" \/>\n<meta property=\"og:url\" content=\"https:\/\/transparentjusticelaw.com\/fr\/prendre-rendez-vous\/\" \/>\n<meta property=\"og:site_name\" content=\"Transparent Justice Law Firm\" \/>\n<meta property=\"article:modified_time\" content=\"2023-05-26T16:29:36+00:00\" \/>\n<meta property=\"og:image\" content=\"https:\/\/transparentjusticelaw.com\/wp-content\/uploads\/2022\/07\/Immigration-Attorney-768x512.jpg\" \/>\n<meta name=\"twitter:card\" content=\"summary_large_image\" \/>\n<meta name=\"twitter:label1\" content=\"Dur\u00e9e de lecture estim\u00e9e\" \/>\n\t<meta name=\"twitter:data1\" content=\"1 minute\" \/>\n<script type=\"application\/ld+json\" class=\"yoast-schema-graph\">{\"@context\":\"https:\\\/\\\/schema.org\",\"@graph\":[{\"@type\":\"WebPage\",\"@id\":\"https:\\\/\\\/transparentjusticelaw.com\\\/schedule-an-appointment\\\/\",\"url\":\"https:\\\/\\\/transparentjusticelaw.com\\\/schedule-an-appointment\\\/\",\"name\":\"Schedule an Appointment - Transparent Justice Law Firm\",\"isPartOf\":{\"@id\":\"https:\\\/\\\/transparentjusticelaw.com\\\/#website\"},\"primaryImageOfPage\":{\"@id\":\"https:\\\/\\\/transparentjusticelaw.com\\\/schedule-an-appointment\\\/#primaryimage\"},\"image\":{\"@id\":\"https:\\\/\\\/transparentjusticelaw.com\\\/schedule-an-appointment\\\/#primaryimage\"},\"thumbnailUrl\":\"https:\\\/\\\/transparentjusticelaw.com\\\/wp-content\\\/uploads\\\/2022\\\/07\\\/Immigration-Attorney-768x512.jpg\",\"datePublished\":\"2022-07-20T19:04:49+00:00\",\"dateModified\":\"2023-05-26T16:29:36+00:00\",\"description\":\"Talk to an immigration lawyer now. Appointments can be in-person at our Rockville Centre location or virtually to serve your needs.\",\"breadcrumb\":{\"@id\":\"https:\\\/\\\/transparentjusticelaw.com\\\/schedule-an-appointment\\\/#breadcrumb\"},\"inLanguage\":\"fr-FR\",\"potentialAction\":[{\"@type\":\"ReadAction\",\"target\":[\"https:\\\/\\\/transparentjusticelaw.com\\\/schedule-an-appointment\\\/\"]}]},{\"@type\":\"ImageObject\",\"inLanguage\":\"fr-FR\",\"@id\":\"https:\\\/\\\/transparentjusticelaw.com\\\/schedule-an-appointment\\\/#primaryimage\",\"url\":\"https:\\\/\\\/transparentjusticelaw.com\\\/wp-content\\\/uploads\\\/2022\\\/07\\\/Immigration-Attorney-768x512.jpg\",\"contentUrl\":\"https:\\\/\\\/transparentjusticelaw.com\\\/wp-content\\\/uploads\\\/2022\\\/07\\\/Immigration-Attorney-768x512.jpg\"},{\"@type\":\"BreadcrumbList\",\"@id\":\"https:\\\/\\\/transparentjusticelaw.com\\\/schedule-an-appointment\\\/#breadcrumb\",\"itemListElement\":[{\"@type\":\"ListItem\",\"position\":1,\"name\":\"Home\",\"item\":\"https:\\\/\\\/transparentjusticelaw.com\\\/\"},{\"@type\":\"ListItem\",\"position\":2,\"name\":\"Schedule an Appointment\"}]},{\"@type\":\"WebSite\",\"@id\":\"https:\\\/\\\/transparentjusticelaw.com\\\/#website\",\"url\":\"https:\\\/\\\/transparentjusticelaw.com\\\/\",\"name\":\"Transparent Justice Law Firm\",\"description\":\"Lawyer Services in New York\",\"potentialAction\":[{\"@type\":\"SearchAction\",\"target\":{\"@type\":\"EntryPoint\",\"urlTemplate\":\"https:\\\/\\\/transparentjusticelaw.com\\\/?s={search_term_string}\"},\"query-input\":{\"@type\":\"PropertyValueSpecification\",\"valueRequired\":true,\"valueName\":\"search_term_string\"}}],\"inLanguage\":\"fr-FR\"}]}<\/script>\n<!-- \/ Yoast SEO plugin. -->","yoast_head_json":{"title":"Prendre rendez-vous - Cabinet d&#039;avocats Justice transparente","description":"Parlez \u00e0 un avocat d&#039;immigration maintenant. Les rendez-vous peuvent \u00eatre en personne \u00e0 notre emplacement du Rockville Center ou virtuellement pour r\u00e9pondre \u00e0 vos besoins.","robots":{"index":"index","follow":"follow","max-snippet":"max-snippet:-1","max-image-preview":"max-image-preview:large","max-video-preview":"max-video-preview:-1"},"canonical":"https:\/\/transparentjusticelaw.com\/fr\/prendre-rendez-vous\/","og_locale":"fr_FR","og_type":"article","og_title":"Schedule an Appointment - Transparent Justice Law Firm","og_description":"Talk to an immigration lawyer now. Appointments can be in-person at our Rockville Centre location or virtually to serve your needs.","og_url":"https:\/\/transparentjusticelaw.com\/fr\/prendre-rendez-vous\/","og_site_name":"Transparent Justice Law Firm","article_modified_time":"2023-05-26T16:29:36+00:00","og_image":[{"url":"https:\/\/transparentjusticelaw.com\/wp-content\/uploads\/2022\/07\/Immigration-Attorney-768x512.jpg","type":"","width":"","height":""}],"twitter_card":"summary_large_image","twitter_misc":{"Dur\u00e9e de lecture estim\u00e9e":"1 minute"},"schema":{"@context":"https:\/\/schema.org","@graph":[{"@type":"WebPage","@id":"https:\/\/transparentjusticelaw.com\/schedule-an-appointment\/","url":"https:\/\/transparentjusticelaw.com\/schedule-an-appointment\/","name":"Prendre rendez-vous - Cabinet d&#039;avocats Justice transparente","isPartOf":{"@id":"https:\/\/transparentjusticelaw.com\/#website"},"primaryImageOfPage":{"@id":"https:\/\/transparentjusticelaw.com\/schedule-an-appointment\/#primaryimage"},"image":{"@id":"https:\/\/transparentjusticelaw.com\/schedule-an-appointment\/#primaryimage"},"thumbnailUrl":"https:\/\/transparentjusticelaw.com\/wp-content\/uploads\/2022\/07\/Immigration-Attorney-768x512.jpg","datePublished":"2022-07-20T19:04:49+00:00","dateModified":"2023-05-26T16:29:36+00:00","description":"Parlez \u00e0 un avocat d&#039;immigration maintenant. Les rendez-vous peuvent \u00eatre en personne \u00e0 notre emplacement du Rockville Center ou virtuellement pour r\u00e9pondre \u00e0 vos besoins.","breadcrumb":{"@id":"https:\/\/transparentjusticelaw.com\/schedule-an-appointment\/#breadcrumb"},"inLanguage":"fr-FR","potentialAction":[{"@type":"ReadAction","target":["https:\/\/transparentjusticelaw.com\/schedule-an-appointment\/"]}]},{"@type":"ImageObject","inLanguage":"fr-FR","@id":"https:\/\/transparentjusticelaw.com\/schedule-an-appointment\/#primaryimage","url":"https:\/\/transparentjusticelaw.com\/wp-content\/uploads\/2022\/07\/Immigration-Attorney-768x512.jpg","contentUrl":"https:\/\/transparentjusticelaw.com\/wp-content\/uploads\/2022\/07\/Immigration-Attorney-768x512.jpg"},{"@type":"BreadcrumbList","@id":"https:\/\/transparentjusticelaw.com\/schedule-an-appointment\/#breadcrumb","itemListElement":[{"@type":"ListItem","position":1,"name":"Home","item":"https:\/\/transparentjusticelaw.com\/"},{"@type":"ListItem","position":2,"name":"Schedule an Appointment"}]},{"@type":"WebSite","@id":"https:\/\/transparentjusticelaw.com\/#website","url":"https:\/\/transparentjusticelaw.com\/","name":"Cabinet d&#039;avocats Justice transparente","description":"Services d&#039;avocat \u00e0 New York","potentialAction":[{"@type":"SearchAction","target":{"@type":"EntryPoint","urlTemplate":"https:\/\/transparentjusticelaw.com\/?s={search_term_string}"},"query-input":{"@type":"PropertyValueSpecification","valueRequired":true,"valueName":"search_term_string"}}],"inLanguage":"fr-FR"}]}},"_links":{"self":[{"href":"https:\/\/transparentjusticelaw.com\/fr\/wp-json\/wp\/v2\/pages\/1318","targetHints":{"allow":["GET"]}}],"collection":[{"href":"https:\/\/transparentjusticelaw.com\/fr\/wp-json\/wp\/v2\/pages"}],"about":[{"href":"https:\/\/transparentjusticelaw.com\/fr\/wp-json\/wp\/v2\/types\/page"}],"author":[{"embeddable":true,"href":"https:\/\/transparentjusticelaw.com\/fr\/wp-json\/wp\/v2\/users\/3"}],"replies":[{"embeddable":true,"href":"https:\/\/transparentjusticelaw.com\/fr\/wp-json\/wp\/v2\/comments?post=1318"}],"version-history":[{"count":0,"href":"https:\/\/transparentjusticelaw.com\/fr\/wp-json\/wp\/v2\/pages\/1318\/revisions"}],"wp:attachment":[{"href":"https:\/\/transparentjusticelaw.com\/fr\/wp-json\/wp\/v2\/media?parent=1318"}],"curies":[{"name":"wp","href":"https:\/\/api.w.org\/{rel}","templated":true}]}}