{"id":18,"date":"2022-06-27T07:51:06","date_gmt":"2022-06-27T07:51:06","guid":{"rendered":"http:\/\/transparentjus.wpenginepowered.com\/?page_id=18"},"modified":"2022-11-14T10:50:06","modified_gmt":"2022-11-14T15:50:06","slug":"sou-nou","status":"publish","type":"page","link":"https:\/\/transparentjusticelaw.com\/ht\/about-us\/","title":{"rendered":"Sou nou"},"content":{"rendered":"<div data-elementor-type=\"wp-page\" data-elementor-id=\"18\" class=\"elementor elementor-18\">\n\t\t\t\t\t\t<section class=\"elementor-section elementor-top-section elementor-element elementor-element-fe36484 elementor-section-boxed elementor-section-height-default elementor-section-height-default\" data-id=\"fe36484\" data-element_type=\"section\" data-e-type=\"section\">\n\t\t\t\t\t\t<div class=\"elementor-container elementor-column-gap-default\">\n\t\t\t\t\t<div class=\"elementor-column elementor-col-100 elementor-top-column elementor-element elementor-element-3666206\" data-id=\"3666206\" data-element_type=\"column\" data-e-type=\"column\">\n\t\t\t<div class=\"elementor-widget-wrap elementor-element-populated\">\n\t\t\t\t\t\t<div class=\"elementor-element elementor-element-cbf38cd elementor-widget elementor-widget-heading\" data-id=\"cbf38cd\" data-element_type=\"widget\" data-e-type=\"widget\" data-widget_type=\"heading.default\">\n\t\t\t\t<div class=\"elementor-widget-container\">\n\t\t\t\t\t<h2 class=\"elementor-heading-title elementor-size-default\">Sou nou<\/h2>\t\t\t\t<\/div>\n\t\t\t\t<\/div>\n\t\t\t\t<div class=\"elementor-element elementor-element-ad9772b elementor-widget elementor-widget-heading\" data-id=\"ad9772b\" data-element_type=\"widget\" data-e-type=\"widget\" data-widget_type=\"heading.default\">\n\t\t\t\t<div class=\"elementor-widget-container\">\n\t\t\t\t\t<h4 class=\"elementor-heading-title elementor-size-default\">TRANSPARANS KONPLET, TOUJOU<\/h4>\t\t\t\t<\/div>\n\t\t\t\t<\/div>\n\t\t\t\t<section class=\"elementor-section elementor-inner-section elementor-element elementor-element-4d2691c elementor-section-boxed elementor-section-height-default elementor-section-height-default\" data-id=\"4d2691c\" data-element_type=\"section\" data-e-type=\"section\">\n\t\t\t\t\t\t<div class=\"elementor-container elementor-column-gap-default\">\n\t\t\t\t\t<div class=\"elementor-column elementor-col-50 elementor-inner-column elementor-element elementor-element-86b84b7\" data-id=\"86b84b7\" data-element_type=\"column\" data-e-type=\"column\">\n\t\t\t<div class=\"elementor-widget-wrap elementor-element-populated\">\n\t\t\t\t\t\t<div class=\"elementor-element elementor-element-43f8a2f elementor-widget elementor-widget-image\" data-id=\"43f8a2f\" data-element_type=\"widget\" data-e-type=\"widget\" data-widget_type=\"image.default\">\n\t\t\t\t<div class=\"elementor-widget-container\">\n\t\t\t\t\t\t\t\t\t\t\t\t\t\t\t<img fetchpriority=\"high\" decoding=\"async\" width=\"565\" height=\"640\" src=\"https:\/\/transparentjusticelaw.com\/wp-content\/uploads\/2022\/07\/Attorney-Immigration-Bilingual-1-1.jpg\" class=\"attachment-medium_large size-medium_large wp-image-1498\" alt=\"\" srcset=\"https:\/\/transparentjusticelaw.com\/wp-content\/uploads\/2022\/07\/Attorney-Immigration-Bilingual-1-1.jpg 565w, https:\/\/transparentjusticelaw.com\/wp-content\/uploads\/2022\/07\/Attorney-Immigration-Bilingual-1-1-265x300.jpg 265w, https:\/\/transparentjusticelaw.com\/wp-content\/uploads\/2022\/07\/Attorney-Immigration-Bilingual-1-1-11x12.jpg 11w\" sizes=\"(max-width: 565px) 100vw, 565px\" \/>\t\t\t\t\t\t\t\t\t\t\t\t\t\t\t<\/div>\n\t\t\t\t<\/div>\n\t\t\t\t\t<\/div>\n\t\t<\/div>\n\t\t\t\t<div class=\"elementor-column elementor-col-50 elementor-inner-column elementor-element elementor-element-2e39462\" data-id=\"2e39462\" data-element_type=\"column\" data-e-type=\"column\">\n\t\t\t<div class=\"elementor-widget-wrap elementor-element-populated\">\n\t\t\t\t\t\t<div class=\"elementor-element elementor-element-98ec09d elementor-widget elementor-widget-text-editor\" data-id=\"98ec09d\" data-element_type=\"widget\" data-e-type=\"widget\" data-widget_type=\"text-editor.default\">\n\t\t\t\t<div class=\"elementor-widget-container\">\n\t\t\t\t\t\t\t\t\t<p>Transparent Justice Law Firm yo te kreye ak anpil atansyon pou s\u00e8vi tout bezwen imigrasyon ou yo, pandan y ap bay transparans ou merite nan pla men ou. Nan fason sa a, ou ka toujou pran desizyon enf\u00f2me epi asire w ke w ap aji nan pw\u00f2p enter\u00e8 ou. Nou vle ou evite enf\u00f2masyon ki koute ch\u00e8, ki twonpe.<\/p><p>Tina Genovese-Munoz, Esq, se yon diplome nan Lwa Hofstra, epi li te pratike lalwa nan eta New York depi 2015. aplikasyon pou moun k ap ch\u00e8che azil tou de nan New York ak nan fwonty\u00e8 Sidw\u00e8s nan Texas.<\/p><p>Tina temwen defi moun ki vle imigre Ozetazini ap f\u00e8 fas ak move enf\u00f2masyon yo rankontre regily\u00e8man, Tina te fonde Transparent Justice Law Firm pou ede moun ak fanmi ki ap eseye bati yon avni pou t\u00e8t yo Ozetazini.<\/p><p>Nou ofri aks\u00e8 pratik sou ent\u00e8n\u00e8t nan lojisy\u00e8l jesyon ka pou w gen aks\u00e8 24\/7 nan dosye ka w la ak konpayi an, ki pral gen ladann nenp\u00f2t dokiman soum\u00e8t bay gouv\u00e8nman an sou non ou kenbe ou ajou sou pwogr\u00e8 ka w la. Ou pral gen tou kapasite pou soum\u00e8t dokiman yo fasil epi an sekirite san yo pa bezwen vwayaje nan biwo nou an.<\/p>\t\t\t\t\t\t\t\t<\/div>\n\t\t\t\t<\/div>\n\t\t\t\t\t<\/div>\n\t\t<\/div>\n\t\t\t\t\t<\/div>\n\t\t<\/section>\n\t\t\t\t\t<\/div>\n\t\t<\/div>\n\t\t\t\t\t<\/div>\n\t\t<\/section>\n\t\t\t\t<\/div>","protected":false},"excerpt":{"rendered":"<p>About Us COMPLETE TRANSPARENCY, ALWAYS Transparent Justice Law Firm has been thoughtfully created to service all of your immigration needs, while providing the transparency you deserve in the palm of your hands. This way, you can always make informed decisions and be sure that you are acting in your own best interest. We want you [&hellip;]<\/p>\n","protected":false},"author":3,"featured_media":0,"parent":0,"menu_order":0,"comment_status":"closed","ping_status":"closed","template":"elementor_header_footer","meta":{"_joinchat":[],"footnotes":""},"class_list":["post-18","page","type-page","status-publish","hentry"],"yoast_head":"<!-- This site is optimized with the Yoast SEO plugin v27.5 - https:\/\/yoast.com\/product\/yoast-seo-wordpress\/ -->\n<title>About Us - Transparent Justice Law Firm<\/title>\n<meta name=\"robots\" content=\"index, follow, max-snippet:-1, max-image-preview:large, max-video-preview:-1\" \/>\n<link rel=\"canonical\" href=\"https:\/\/transparentjusticelaw.com\/ht\/sou-nou\/\" \/>\n<meta property=\"og:locale\" content=\"fr_FR\" \/>\n<meta property=\"og:type\" content=\"article\" \/>\n<meta property=\"og:title\" content=\"About Us - Transparent Justice Law Firm\" \/>\n<meta property=\"og:description\" content=\"About Us COMPLETE TRANSPARENCY, ALWAYS Transparent Justice Law Firm has been thoughtfully created to service all of your immigration needs, while providing the transparency you deserve in the palm of your hands. This way, you can always make informed decisions and be sure that you are acting in your own best interest. We want you [&hellip;]\" \/>\n<meta property=\"og:url\" content=\"https:\/\/transparentjusticelaw.com\/ht\/sou-nou\/\" \/>\n<meta property=\"og:site_name\" content=\"Transparent Justice Law Firm\" \/>\n<meta property=\"article:modified_time\" content=\"2022-11-14T15:50:06+00:00\" \/>\n<meta property=\"og:image\" content=\"https:\/\/transparentjusticelaw.com\/wp-content\/uploads\/2022\/07\/Attorney-Immigration-Bilingual-1-1.jpg\" \/>\n<meta name=\"twitter:card\" content=\"summary_large_image\" \/>\n<meta name=\"twitter:label1\" content=\"Est. reading time\" \/>\n\t<meta name=\"twitter:data1\" content=\"1 minute\" \/>\n<script type=\"application\/ld+json\" class=\"yoast-schema-graph\">{\"@context\":\"https:\\\/\\\/schema.org\",\"@graph\":[{\"@type\":\"WebPage\",\"@id\":\"https:\\\/\\\/transparentjusticelaw.com\\\/about-us\\\/\",\"url\":\"https:\\\/\\\/transparentjusticelaw.com\\\/about-us\\\/\",\"name\":\"About Us - Transparent Justice Law Firm\",\"isPartOf\":{\"@id\":\"https:\\\/\\\/transparentjusticelaw.com\\\/#website\"},\"primaryImageOfPage\":{\"@id\":\"https:\\\/\\\/transparentjusticelaw.com\\\/about-us\\\/#primaryimage\"},\"image\":{\"@id\":\"https:\\\/\\\/transparentjusticelaw.com\\\/about-us\\\/#primaryimage\"},\"thumbnailUrl\":\"https:\\\/\\\/transparentjusticelaw.com\\\/wp-content\\\/uploads\\\/2022\\\/07\\\/Attorney-Immigration-Bilingual-1-1.jpg\",\"datePublished\":\"2022-06-27T07:51:06+00:00\",\"dateModified\":\"2022-11-14T15:50:06+00:00\",\"breadcrumb\":{\"@id\":\"https:\\\/\\\/transparentjusticelaw.com\\\/about-us\\\/#breadcrumb\"},\"inLanguage\":\"fr-ht\",\"potentialAction\":[{\"@type\":\"ReadAction\",\"target\":[\"https:\\\/\\\/transparentjusticelaw.com\\\/about-us\\\/\"]}]},{\"@type\":\"ImageObject\",\"inLanguage\":\"fr-ht\",\"@id\":\"https:\\\/\\\/transparentjusticelaw.com\\\/about-us\\\/#primaryimage\",\"url\":\"https:\\\/\\\/transparentjusticelaw.com\\\/wp-content\\\/uploads\\\/2022\\\/07\\\/Attorney-Immigration-Bilingual-1-1.jpg\",\"contentUrl\":\"https:\\\/\\\/transparentjusticelaw.com\\\/wp-content\\\/uploads\\\/2022\\\/07\\\/Attorney-Immigration-Bilingual-1-1.jpg\"},{\"@type\":\"BreadcrumbList\",\"@id\":\"https:\\\/\\\/transparentjusticelaw.com\\\/about-us\\\/#breadcrumb\",\"itemListElement\":[{\"@type\":\"ListItem\",\"position\":1,\"name\":\"Home\",\"item\":\"https:\\\/\\\/transparentjusticelaw.com\\\/\"},{\"@type\":\"ListItem\",\"position\":2,\"name\":\"About Us\"}]},{\"@type\":\"WebSite\",\"@id\":\"https:\\\/\\\/transparentjusticelaw.com\\\/#website\",\"url\":\"https:\\\/\\\/transparentjusticelaw.com\\\/\",\"name\":\"Transparent Justice Law Firm\",\"description\":\"Lawyer Services in New York\",\"potentialAction\":[{\"@type\":\"SearchAction\",\"target\":{\"@type\":\"EntryPoint\",\"urlTemplate\":\"https:\\\/\\\/transparentjusticelaw.com\\\/?s={search_term_string}\"},\"query-input\":{\"@type\":\"PropertyValueSpecification\",\"valueRequired\":true,\"valueName\":\"search_term_string\"}}],\"inLanguage\":\"fr-ht\"}]}<\/script>\n<!-- \/ Yoast SEO plugin. -->","yoast_head_json":{"title":"Sou nou - Transparent Justice Law Firm","robots":{"index":"index","follow":"follow","max-snippet":"max-snippet:-1","max-image-preview":"max-image-preview:large","max-video-preview":"max-video-preview:-1"},"canonical":"https:\/\/transparentjusticelaw.com\/ht\/sou-nou\/","og_locale":"fr_FR","og_type":"article","og_title":"About Us - Transparent Justice Law Firm","og_description":"About Us COMPLETE TRANSPARENCY, ALWAYS Transparent Justice Law Firm has been thoughtfully created to service all of your immigration needs, while providing the transparency you deserve in the palm of your hands. This way, you can always make informed decisions and be sure that you are acting in your own best interest. We want you [&hellip;]","og_url":"https:\/\/transparentjusticelaw.com\/ht\/sou-nou\/","og_site_name":"Transparent Justice Law Firm","article_modified_time":"2022-11-14T15:50:06+00:00","og_image":[{"url":"https:\/\/transparentjusticelaw.com\/wp-content\/uploads\/2022\/07\/Attorney-Immigration-Bilingual-1-1.jpg","type":"","width":"","height":""}],"twitter_card":"summary_large_image","twitter_misc":{"Est. reading time":"1 minute"},"schema":{"@context":"https:\/\/schema.org","@graph":[{"@type":"WebPage","@id":"https:\/\/transparentjusticelaw.com\/about-us\/","url":"https:\/\/transparentjusticelaw.com\/about-us\/","name":"Sou nou - Transparent Justice Law Firm","isPartOf":{"@id":"https:\/\/transparentjusticelaw.com\/#website"},"primaryImageOfPage":{"@id":"https:\/\/transparentjusticelaw.com\/about-us\/#primaryimage"},"image":{"@id":"https:\/\/transparentjusticelaw.com\/about-us\/#primaryimage"},"thumbnailUrl":"https:\/\/transparentjusticelaw.com\/wp-content\/uploads\/2022\/07\/Attorney-Immigration-Bilingual-1-1.jpg","datePublished":"2022-06-27T07:51:06+00:00","dateModified":"2022-11-14T15:50:06+00:00","breadcrumb":{"@id":"https:\/\/transparentjusticelaw.com\/about-us\/#breadcrumb"},"inLanguage":"fr-ht","potentialAction":[{"@type":"ReadAction","target":["https:\/\/transparentjusticelaw.com\/about-us\/"]}]},{"@type":"ImageObject","inLanguage":"fr-ht","@id":"https:\/\/transparentjusticelaw.com\/about-us\/#primaryimage","url":"https:\/\/transparentjusticelaw.com\/wp-content\/uploads\/2022\/07\/Attorney-Immigration-Bilingual-1-1.jpg","contentUrl":"https:\/\/transparentjusticelaw.com\/wp-content\/uploads\/2022\/07\/Attorney-Immigration-Bilingual-1-1.jpg"},{"@type":"BreadcrumbList","@id":"https:\/\/transparentjusticelaw.com\/about-us\/#breadcrumb","itemListElement":[{"@type":"ListItem","position":1,"name":"Home","item":"https:\/\/transparentjusticelaw.com\/"},{"@type":"ListItem","position":2,"name":"About Us"}]},{"@type":"WebSite","@id":"https:\/\/transparentjusticelaw.com\/#website","url":"https:\/\/transparentjusticelaw.com\/","name":"Avoka Jistis transparan","description":"S\u00e8vis Avoka nan New York","potentialAction":[{"@type":"SearchAction","target":{"@type":"EntryPoint","urlTemplate":"https:\/\/transparentjusticelaw.com\/?s={search_term_string}"},"query-input":{"@type":"PropertyValueSpecification","valueRequired":true,"valueName":"search_term_string"}}],"inLanguage":"fr-ht"}]}},"_links":{"self":[{"href":"https:\/\/transparentjusticelaw.com\/ht\/wp-json\/wp\/v2\/pages\/18","targetHints":{"allow":["GET"]}}],"collection":[{"href":"https:\/\/transparentjusticelaw.com\/ht\/wp-json\/wp\/v2\/pages"}],"about":[{"href":"https:\/\/transparentjusticelaw.com\/ht\/wp-json\/wp\/v2\/types\/page"}],"author":[{"embeddable":true,"href":"https:\/\/transparentjusticelaw.com\/ht\/wp-json\/wp\/v2\/users\/3"}],"replies":[{"embeddable":true,"href":"https:\/\/transparentjusticelaw.com\/ht\/wp-json\/wp\/v2\/comments?post=18"}],"version-history":[{"count":0,"href":"https:\/\/transparentjusticelaw.com\/ht\/wp-json\/wp\/v2\/pages\/18\/revisions"}],"wp:attachment":[{"href":"https:\/\/transparentjusticelaw.com\/ht\/wp-json\/wp\/v2\/media?parent=18"}],"curies":[{"name":"wp","href":"https:\/\/api.w.org\/{rel}","templated":true}]}}