{"id":18,"date":"2022-06-27T07:51:06","date_gmt":"2022-06-27T07:51:06","guid":{"rendered":"http:\/\/transparentjus.wpenginepowered.com\/?page_id=18"},"modified":"2022-11-14T10:50:06","modified_gmt":"2022-11-14T15:50:06","slug":"sobre-nos","status":"publish","type":"page","link":"https:\/\/transparentjusticelaw.com\/pt\/about-us\/","title":{"rendered":"Sobre n\u00f3s"},"content":{"rendered":"<div data-elementor-type=\"wp-page\" data-elementor-id=\"18\" class=\"elementor elementor-18\">\n\t\t\t\t\t\t<section class=\"elementor-section elementor-top-section elementor-element elementor-element-fe36484 elementor-section-boxed elementor-section-height-default elementor-section-height-default\" data-id=\"fe36484\" data-element_type=\"section\" data-e-type=\"section\">\n\t\t\t\t\t\t<div class=\"elementor-container elementor-column-gap-default\">\n\t\t\t\t\t<div class=\"elementor-column elementor-col-100 elementor-top-column elementor-element elementor-element-3666206\" data-id=\"3666206\" data-element_type=\"column\" data-e-type=\"column\">\n\t\t\t<div class=\"elementor-widget-wrap elementor-element-populated\">\n\t\t\t\t\t\t<div class=\"elementor-element elementor-element-cbf38cd elementor-widget elementor-widget-heading\" data-id=\"cbf38cd\" data-element_type=\"widget\" data-e-type=\"widget\" data-widget_type=\"heading.default\">\n\t\t\t\t<div class=\"elementor-widget-container\">\n\t\t\t\t\t<h2 class=\"elementor-heading-title elementor-size-default\">Sobre n\u00f3s<\/h2>\t\t\t\t<\/div>\n\t\t\t\t<\/div>\n\t\t\t\t<div class=\"elementor-element elementor-element-ad9772b elementor-widget elementor-widget-heading\" data-id=\"ad9772b\" data-element_type=\"widget\" data-e-type=\"widget\" data-widget_type=\"heading.default\">\n\t\t\t\t<div class=\"elementor-widget-container\">\n\t\t\t\t\t<h4 class=\"elementor-heading-title elementor-size-default\">TOTAL TRANSPAR\u00caNCIA, SEMPRE<\/h4>\t\t\t\t<\/div>\n\t\t\t\t<\/div>\n\t\t\t\t<section class=\"elementor-section elementor-inner-section elementor-element elementor-element-4d2691c elementor-section-boxed elementor-section-height-default elementor-section-height-default\" data-id=\"4d2691c\" data-element_type=\"section\" data-e-type=\"section\">\n\t\t\t\t\t\t<div class=\"elementor-container elementor-column-gap-default\">\n\t\t\t\t\t<div class=\"elementor-column elementor-col-50 elementor-inner-column elementor-element elementor-element-86b84b7\" data-id=\"86b84b7\" data-element_type=\"column\" data-e-type=\"column\">\n\t\t\t<div class=\"elementor-widget-wrap elementor-element-populated\">\n\t\t\t\t\t\t<div class=\"elementor-element elementor-element-43f8a2f elementor-widget elementor-widget-image\" data-id=\"43f8a2f\" data-element_type=\"widget\" data-e-type=\"widget\" data-widget_type=\"image.default\">\n\t\t\t\t<div class=\"elementor-widget-container\">\n\t\t\t\t\t\t\t\t\t\t\t\t\t\t\t<img fetchpriority=\"high\" decoding=\"async\" width=\"565\" height=\"640\" src=\"https:\/\/transparentjusticelaw.com\/wp-content\/uploads\/2022\/07\/Attorney-Immigration-Bilingual-1-1.jpg\" class=\"attachment-medium_large size-medium_large wp-image-1498\" alt=\"\" srcset=\"https:\/\/transparentjusticelaw.com\/wp-content\/uploads\/2022\/07\/Attorney-Immigration-Bilingual-1-1.jpg 565w, https:\/\/transparentjusticelaw.com\/wp-content\/uploads\/2022\/07\/Attorney-Immigration-Bilingual-1-1-265x300.jpg 265w, https:\/\/transparentjusticelaw.com\/wp-content\/uploads\/2022\/07\/Attorney-Immigration-Bilingual-1-1-11x12.jpg 11w\" sizes=\"(max-width: 565px) 100vw, 565px\" \/>\t\t\t\t\t\t\t\t\t\t\t\t\t\t\t<\/div>\n\t\t\t\t<\/div>\n\t\t\t\t\t<\/div>\n\t\t<\/div>\n\t\t\t\t<div class=\"elementor-column elementor-col-50 elementor-inner-column elementor-element elementor-element-2e39462\" data-id=\"2e39462\" data-element_type=\"column\" data-e-type=\"column\">\n\t\t\t<div class=\"elementor-widget-wrap elementor-element-populated\">\n\t\t\t\t\t\t<div class=\"elementor-element elementor-element-98ec09d elementor-widget elementor-widget-text-editor\" data-id=\"98ec09d\" data-element_type=\"widget\" data-e-type=\"widget\" data-widget_type=\"text-editor.default\">\n\t\t\t\t<div class=\"elementor-widget-container\">\n\t\t\t\t\t\t\t\t\t<p>A Transparent Justice Law Firm foi cuidadosamente criada para atender todas as suas necessidades de imigra\u00e7\u00e3o, ao mesmo tempo em que oferece a transpar\u00eancia que voc\u00ea merece na palma de suas m\u00e3os. Dessa forma, voc\u00ea sempre pode tomar decis\u00f5es informadas e ter certeza de que est\u00e1 agindo em seu pr\u00f3prio interesse. Queremos que voc\u00ea evite informa\u00e7\u00f5es dispendiosas e enganosas.<\/p><p>Tina Genovese-Munoz, Esq, \u00e9 graduada em Hofstra Law e exerce advocacia no estado de Nova York desde 2015. Por mais de tr\u00eas anos, Tina trabalhou como oficial de asilo para o Departamento de Seguran\u00e7a Interna dos Estados Unidos, adjudicando o pedidos de asilo tanto em Nova York quanto na fronteira sudoeste do Texas.<\/p><p>Testemunhando os desafios enfrentados pelas pessoas que desejam imigrar para os Estados Unidos e a desinforma\u00e7\u00e3o que encontram regularmente, Tina fundou a Transparent Justice Law Firm para ajudar indiv\u00edduos e fam\u00edlias que est\u00e3o tentando construir um futuro para si mesmos nos Estados Unidos.<\/p><p>Oferecemos acesso on-line conveniente ao software de gerenciamento de casos para que voc\u00ea tenha acesso 24 horas por dia, 7 dias por semana, ao seu arquivo de caso com a empresa, que incluir\u00e1 todos os documentos enviados ao governo em seu nome, mantendo-o atualizado sobre o andamento do seu caso. Voc\u00ea tamb\u00e9m poder\u00e1 enviar documentos com facilidade e seguran\u00e7a sem precisar se deslocar at\u00e9 nosso escrit\u00f3rio.<\/p>\t\t\t\t\t\t\t\t<\/div>\n\t\t\t\t<\/div>\n\t\t\t\t\t<\/div>\n\t\t<\/div>\n\t\t\t\t\t<\/div>\n\t\t<\/section>\n\t\t\t\t\t<\/div>\n\t\t<\/div>\n\t\t\t\t\t<\/div>\n\t\t<\/section>\n\t\t\t\t<\/div>","protected":false},"excerpt":{"rendered":"<p>About Us COMPLETE TRANSPARENCY, ALWAYS Transparent Justice Law Firm has been thoughtfully created to service all of your immigration needs, while providing the transparency you deserve in the palm of your hands. This way, you can always make informed decisions and be sure that you are acting in your own best interest. We want you [&hellip;]<\/p>\n","protected":false},"author":3,"featured_media":0,"parent":0,"menu_order":0,"comment_status":"closed","ping_status":"closed","template":"elementor_header_footer","meta":{"_joinchat":[],"footnotes":""},"class_list":["post-18","page","type-page","status-publish","hentry"],"yoast_head":"<!-- This site is optimized with the Yoast SEO plugin v27.2 - https:\/\/yoast.com\/product\/yoast-seo-wordpress\/ -->\n<title>About Us - Transparent Justice Law Firm<\/title>\n<meta name=\"robots\" content=\"index, follow, max-snippet:-1, max-image-preview:large, max-video-preview:-1\" \/>\n<link rel=\"canonical\" href=\"https:\/\/transparentjusticelaw.com\/pt\/sobre-nos\/\" \/>\n<meta property=\"og:locale\" content=\"pt_BR\" \/>\n<meta property=\"og:type\" content=\"article\" \/>\n<meta property=\"og:title\" content=\"About Us - Transparent Justice Law Firm\" \/>\n<meta property=\"og:description\" content=\"About Us COMPLETE TRANSPARENCY, ALWAYS Transparent Justice Law Firm has been thoughtfully created to service all of your immigration needs, while providing the transparency you deserve in the palm of your hands. This way, you can always make informed decisions and be sure that you are acting in your own best interest. We want you [&hellip;]\" \/>\n<meta property=\"og:url\" content=\"https:\/\/transparentjusticelaw.com\/pt\/sobre-nos\/\" \/>\n<meta property=\"og:site_name\" content=\"Transparent Justice Law Firm\" \/>\n<meta property=\"article:modified_time\" content=\"2022-11-14T15:50:06+00:00\" \/>\n<meta property=\"og:image\" content=\"https:\/\/transparentjusticelaw.com\/wp-content\/uploads\/2022\/07\/Attorney-Immigration-Bilingual-1-1.jpg\" \/>\n<meta name=\"twitter:card\" content=\"summary_large_image\" \/>\n<meta name=\"twitter:label1\" content=\"Est. tempo de leitura\" \/>\n\t<meta name=\"twitter:data1\" content=\"1 minuto\" \/>\n<script type=\"application\/ld+json\" class=\"yoast-schema-graph\">{\"@context\":\"https:\/\/schema.org\",\"@graph\":[{\"@type\":\"WebPage\",\"@id\":\"https:\/\/transparentjusticelaw.com\/about-us\/\",\"url\":\"https:\/\/transparentjusticelaw.com\/about-us\/\",\"name\":\"About Us - Transparent Justice Law Firm\",\"isPartOf\":{\"@id\":\"https:\/\/transparentjusticelaw.com\/#website\"},\"primaryImageOfPage\":{\"@id\":\"https:\/\/transparentjusticelaw.com\/about-us\/#primaryimage\"},\"image\":{\"@id\":\"https:\/\/transparentjusticelaw.com\/about-us\/#primaryimage\"},\"thumbnailUrl\":\"https:\/\/transparentjusticelaw.com\/wp-content\/uploads\/2022\/07\/Attorney-Immigration-Bilingual-1-1.jpg\",\"datePublished\":\"2022-06-27T07:51:06+00:00\",\"dateModified\":\"2022-11-14T15:50:06+00:00\",\"breadcrumb\":{\"@id\":\"https:\/\/transparentjusticelaw.com\/about-us\/#breadcrumb\"},\"inLanguage\":\"pt-BR\",\"potentialAction\":[{\"@type\":\"ReadAction\",\"target\":[\"https:\/\/transparentjusticelaw.com\/about-us\/\"]}]},{\"@type\":\"ImageObject\",\"inLanguage\":\"pt-BR\",\"@id\":\"https:\/\/transparentjusticelaw.com\/about-us\/#primaryimage\",\"url\":\"https:\/\/transparentjusticelaw.com\/wp-content\/uploads\/2022\/07\/Attorney-Immigration-Bilingual-1-1.jpg\",\"contentUrl\":\"https:\/\/transparentjusticelaw.com\/wp-content\/uploads\/2022\/07\/Attorney-Immigration-Bilingual-1-1.jpg\"},{\"@type\":\"BreadcrumbList\",\"@id\":\"https:\/\/transparentjusticelaw.com\/about-us\/#breadcrumb\",\"itemListElement\":[{\"@type\":\"ListItem\",\"position\":1,\"name\":\"Home\",\"item\":\"https:\/\/transparentjusticelaw.com\/\"},{\"@type\":\"ListItem\",\"position\":2,\"name\":\"About Us\"}]},{\"@type\":\"WebSite\",\"@id\":\"https:\/\/transparentjusticelaw.com\/#website\",\"url\":\"https:\/\/transparentjusticelaw.com\/\",\"name\":\"Transparent Justice Law Firm\",\"description\":\"Lawyer Services in New York\",\"potentialAction\":[{\"@type\":\"SearchAction\",\"target\":{\"@type\":\"EntryPoint\",\"urlTemplate\":\"https:\/\/transparentjusticelaw.com\/?s={search_term_string}\"},\"query-input\":{\"@type\":\"PropertyValueSpecification\",\"valueRequired\":true,\"valueName\":\"search_term_string\"}}],\"inLanguage\":\"pt-BR\"}]}<\/script>\n<!-- \/ Yoast SEO plugin. -->","yoast_head_json":{"title":"Quem Somos - Escrit\u00f3rio de Advocacia Justi\u00e7a Transparente","robots":{"index":"index","follow":"follow","max-snippet":"max-snippet:-1","max-image-preview":"max-image-preview:large","max-video-preview":"max-video-preview:-1"},"canonical":"https:\/\/transparentjusticelaw.com\/pt\/sobre-nos\/","og_locale":"pt_BR","og_type":"article","og_title":"About Us - Transparent Justice Law Firm","og_description":"About Us COMPLETE TRANSPARENCY, ALWAYS Transparent Justice Law Firm has been thoughtfully created to service all of your immigration needs, while providing the transparency you deserve in the palm of your hands. This way, you can always make informed decisions and be sure that you are acting in your own best interest. We want you [&hellip;]","og_url":"https:\/\/transparentjusticelaw.com\/pt\/sobre-nos\/","og_site_name":"Transparent Justice Law Firm","article_modified_time":"2022-11-14T15:50:06+00:00","og_image":[{"url":"https:\/\/transparentjusticelaw.com\/wp-content\/uploads\/2022\/07\/Attorney-Immigration-Bilingual-1-1.jpg","type":"","width":"","height":""}],"twitter_card":"summary_large_image","twitter_misc":{"Est. tempo de leitura":"1 minuto"},"schema":{"@context":"https:\/\/schema.org","@graph":[{"@type":"WebPage","@id":"https:\/\/transparentjusticelaw.com\/about-us\/","url":"https:\/\/transparentjusticelaw.com\/about-us\/","name":"Quem Somos - Escrit\u00f3rio de Advocacia Justi\u00e7a Transparente","isPartOf":{"@id":"https:\/\/transparentjusticelaw.com\/#website"},"primaryImageOfPage":{"@id":"https:\/\/transparentjusticelaw.com\/about-us\/#primaryimage"},"image":{"@id":"https:\/\/transparentjusticelaw.com\/about-us\/#primaryimage"},"thumbnailUrl":"https:\/\/transparentjusticelaw.com\/wp-content\/uploads\/2022\/07\/Attorney-Immigration-Bilingual-1-1.jpg","datePublished":"2022-06-27T07:51:06+00:00","dateModified":"2022-11-14T15:50:06+00:00","breadcrumb":{"@id":"https:\/\/transparentjusticelaw.com\/about-us\/#breadcrumb"},"inLanguage":"pt-BR","potentialAction":[{"@type":"ReadAction","target":["https:\/\/transparentjusticelaw.com\/about-us\/"]}]},{"@type":"ImageObject","inLanguage":"pt-BR","@id":"https:\/\/transparentjusticelaw.com\/about-us\/#primaryimage","url":"https:\/\/transparentjusticelaw.com\/wp-content\/uploads\/2022\/07\/Attorney-Immigration-Bilingual-1-1.jpg","contentUrl":"https:\/\/transparentjusticelaw.com\/wp-content\/uploads\/2022\/07\/Attorney-Immigration-Bilingual-1-1.jpg"},{"@type":"BreadcrumbList","@id":"https:\/\/transparentjusticelaw.com\/about-us\/#breadcrumb","itemListElement":[{"@type":"ListItem","position":1,"name":"Home","item":"https:\/\/transparentjusticelaw.com\/"},{"@type":"ListItem","position":2,"name":"About Us"}]},{"@type":"WebSite","@id":"https:\/\/transparentjusticelaw.com\/#website","url":"https:\/\/transparentjusticelaw.com\/","name":"Justi\u00e7a Transparente Advocacia","description":"Servi\u00e7os de advogados em Nova York","potentialAction":[{"@type":"SearchAction","target":{"@type":"EntryPoint","urlTemplate":"https:\/\/transparentjusticelaw.com\/?s={search_term_string}"},"query-input":{"@type":"PropertyValueSpecification","valueRequired":true,"valueName":"search_term_string"}}],"inLanguage":"pt-BR"}]}},"_links":{"self":[{"href":"https:\/\/transparentjusticelaw.com\/pt\/wp-json\/wp\/v2\/pages\/18","targetHints":{"allow":["GET"]}}],"collection":[{"href":"https:\/\/transparentjusticelaw.com\/pt\/wp-json\/wp\/v2\/pages"}],"about":[{"href":"https:\/\/transparentjusticelaw.com\/pt\/wp-json\/wp\/v2\/types\/page"}],"author":[{"embeddable":true,"href":"https:\/\/transparentjusticelaw.com\/pt\/wp-json\/wp\/v2\/users\/3"}],"replies":[{"embeddable":true,"href":"https:\/\/transparentjusticelaw.com\/pt\/wp-json\/wp\/v2\/comments?post=18"}],"version-history":[{"count":0,"href":"https:\/\/transparentjusticelaw.com\/pt\/wp-json\/wp\/v2\/pages\/18\/revisions"}],"wp:attachment":[{"href":"https:\/\/transparentjusticelaw.com\/pt\/wp-json\/wp\/v2\/media?parent=18"}],"curies":[{"name":"wp","href":"https:\/\/api.w.org\/{rel}","templated":true}]}}